{"id":333,"date":"2023-03-14T17:08:32","date_gmt":"2023-03-14T16:08:32","guid":{"rendered":"https:\/\/immorebs.com\/?page_id=333"},"modified":"2024-02-01T16:40:14","modified_gmt":"2024-02-01T15:40:14","slug":"datenschutzerklaerung","status":"publish","type":"page","link":"https:\/\/immorebs.com\/?page_id=333","title":{"rendered":"Datenschutzerkl\u00e4rung"},"content":{"rendered":"\n<div style=\"height:50px\" aria-hidden=\"true\" class=\"wp-block-spacer\"><\/div>\n\n\n\n<h2 class=\"wp-block-heading\">Datenschutzerkl\u00e4rung<\/h2>\n\n\n\n<p>ImmoRebs speichert \u00fcbermittelte personenbezogener Daten, die im Zuge des Onboardings\/KYC oder bei einer direkten Kontaktaufnahme (zB \u00fcber Email) erfasst werden. Die Speicherung und Verarbeitung erfolgt ausschlie\u00dflich zu internen Zwecken und es erfolgt keine Weitergabe von Daten an Dritte. Die erfassten und verarbeiteten Daten umfassen:<\/p>\n\n\n\n<ul class=\"wp-block-list\">\n<li>Vor- und Nachname<\/li>\n\n\n\n<li>Geburtsdatum<\/li>\n\n\n\n<li>Ausweiskopie als Identit\u00e4tsnachweis<\/li>\n\n\n\n<li>Adresse<\/li>\n\n\n\n<li>Email-Adresse<\/li>\n\n\n\n<li>Kontonummer<\/li>\n\n\n\n<li>Wallet-Adresse<\/li>\n\n\n\n<li>Auswahl hinsichtlich Teilnahme am Referral-Programm<\/li>\n\n\n\n<li>sonstige Best\u00e4tigungen\/Zustimmungen<\/li>\n\n\n\n<li>Transaktionen (Ein-\/Auszahlungen und \u00c4hnliches)<\/li>\n\n\n\n<li>Email-Korrespondenz<\/li>\n<\/ul>\n\n\n\n<p>Wir verwenden Cloud-L\u00f6sungen von Microsoft (Microsoft 365, Microsoft Exchange, Microsoft Sharepoint sowie Microsoft Teams), deren Daten in Rechenzentren in der Europ\u00e4ischen Union gespeichert werden.\u00a0<\/p>\n\n\n\n<p>Die Speicherung von Daten erfolgt f\u00fcr 3 Jahre ab der letzten Aktivit\u00e4t, sofern keine anderen Gr\u00fcnde eine l\u00e4ngere Speicherung erfordern. Nach Ablauf der 3 Jahre werden die Daten im Zuge regelm\u00e4\u00dfiger Archivierung auf einem Offline-Datentr\u00e4ger gespeichert.<\/p>\n\n\n\n<p>Anfragen zur fr\u00fcheren L\u00f6schung\/Archivierung von Daten, k\u00f6nnen an <a href=\"mailto:datenschutz@immorebs.com\">datenschutz@immorebs.com<\/a> gerichtet werden.<\/p>\n\n\n\n<p>Zu beachten ist, dass s\u00e4mtliche Transaktionen von ImmoRebs Token auf der Blockchain dauerhaft gespeichert bleiben und nicht gel\u00f6scht werden k\u00f6nnen.<\/p>\n\n\n\n<p>Bei Zugriffen auf unsere Webseite wird die IP-Adresse f\u00fcr statistische Zwecke gespeichert. Dies erfolgt unabh\u00e4ngig von pers\u00f6nlichen Daten auf unserem Webserver, der von All-inkl.com zur Verf\u00fcgung gestellt wird. Die Speicherung dieser Daten erfolgt ebenfalls auf Servern in der Europ\u00e4ischen Union.<\/p>\n\n\n\n<h3 class=\"wp-block-heading\">Rechtsbehelfbelehrung<\/h3>\n\n\n\n<p>Ihnen stehen grunds\u00e4tzlich die Rechte auf Auskunft, Berichtigung, L\u00f6schung, Einschr\u00e4nkung, Daten\u00fcbertragbarkeit und Widerspruch zu. Daf\u00fcr wenden Sie sich an uns. Wenn Sie glauben, dass die Verarbeitung Ihrer Daten gegen das Datenschutzrecht verst\u00f6\u00dft oder Ihre datenschutzrechtlichen Anspr\u00fcche sonst in einer Weise verletzt worden sind, k\u00f6nnen Sie sich bei der Aufsichtsbeh\u00f6rde beschweren. In \u00d6sterreich ist die Datenschutzbeh\u00f6rde zust\u00e4ndig<\/p>\n\n\n\n","protected":false},"excerpt":{"rendered":"<p>Datenschutzerkl\u00e4rung ImmoRebs speichert \u00fcbermittelte personenbezogener Daten, die im Zuge des Onboardings\/KYC oder bei einer direkten Kontaktaufnahme (zB \u00fcber Email) erfasst werden. Die Speicherung und Verarbeitung erfolgt ausschlie\u00dflich zu internen Zwecken und es erfolgt keine Weitergabe von Daten an Dritte. Die erfassten und verarbeiteten Daten umfassen: Wir verwenden Cloud-L\u00f6sungen von Microsoft (Microsoft 365, Microsoft Exchange, Microsoft&hellip;&nbsp;<a href=\"https:\/\/immorebs.com\/?page_id=333\" class=\"\" rel=\"bookmark\">Weiterlesen &raquo;<span class=\"screen-reader-text\">Datenschutzerkl\u00e4rung<\/span><\/a><\/p>\n","protected":false},"author":2,"featured_media":0,"parent":35,"menu_order":0,"comment_status":"closed","ping_status":"closed","template":"","meta":{"neve_meta_sidebar":"","neve_meta_container":"","neve_meta_enable_content_width":"","neve_meta_content_width":0,"neve_meta_title_alignment":"","neve_meta_author_avatar":"","neve_post_elements_order":"","neve_meta_disable_header":"","neve_meta_disable_footer":"","neve_meta_disable_title":"on","footnotes":""},"class_list":["post-333","page","type-page","status-publish","hentry"],"_links":{"self":[{"href":"https:\/\/immorebs.com\/index.php?rest_route=\/wp\/v2\/pages\/333","targetHints":{"allow":["GET"]}}],"collection":[{"href":"https:\/\/immorebs.com\/index.php?rest_route=\/wp\/v2\/pages"}],"about":[{"href":"https:\/\/immorebs.com\/index.php?rest_route=\/wp\/v2\/types\/page"}],"author":[{"embeddable":true,"href":"https:\/\/immorebs.com\/index.php?rest_route=\/wp\/v2\/users\/2"}],"replies":[{"embeddable":true,"href":"https:\/\/immorebs.com\/index.php?rest_route=%2Fwp%2Fv2%2Fcomments&post=333"}],"version-history":[{"count":9,"href":"https:\/\/immorebs.com\/index.php?rest_route=\/wp\/v2\/pages\/333\/revisions"}],"predecessor-version":[{"id":1378,"href":"https:\/\/immorebs.com\/index.php?rest_route=\/wp\/v2\/pages\/333\/revisions\/1378"}],"up":[{"embeddable":true,"href":"https:\/\/immorebs.com\/index.php?rest_route=\/wp\/v2\/pages\/35"}],"wp:attachment":[{"href":"https:\/\/immorebs.com\/index.php?rest_route=%2Fwp%2Fv2%2Fmedia&parent=333"}],"curies":[{"name":"wp","href":"https:\/\/api.w.org\/{rel}","templated":true}]}}