{"id":1391,"date":"2024-06-13T09:00:16","date_gmt":"2024-06-13T07:00:16","guid":{"rendered":"https:\/\/immorebs.com\/?page_id=1391"},"modified":"2024-06-13T09:04:55","modified_gmt":"2024-06-13T07:04:55","slug":"startseite2","status":"publish","type":"page","link":"https:\/\/immorebs.com\/","title":{"rendered":"Startseite2"},"content":{"rendered":"\n<div class=\"wp-block-cover alignfull is-light\" style=\"min-height:700px;aspect-ratio:unset;\"><span aria-hidden=\"true\" class=\"wp-block-cover__background has-background-dim-0 has-background-dim\"><\/span><div class=\"wp-block-cover__inner-container is-layout-flow wp-block-cover-is-layout-flow\">\n<div style=\"height:30px\" aria-hidden=\"true\" class=\"wp-block-spacer\"><\/div>\n\n\n\n<h3 class=\"wp-block-heading has-text-align-center has-text-color\" style=\"color:#121212\">Wir haben unser \u00f6ffentliches Angebot zur\u00fcckgezogen und \u00fcberarbeiten unser Gesch\u00e4ftsmodel.<br><br>Alle Interessenten, die sich bisher gemeldet haben, werden zeitnah \u00fcber die weiteren Entwicklungen informiert.<br><br>Sobald wir unser neues Gesch\u00e4ftsmodel ausgearbeitet haben, wird diese Webseite mit neuem Leben gef\u00fcllt.<\/h3>\n<\/div><\/div>\n\n\n\n","protected":false},"excerpt":{"rendered":"","protected":false},"author":1,"featured_media":0,"parent":0,"menu_order":0,"comment_status":"closed","ping_status":"closed","template":"","meta":{"neve_meta_sidebar":"","neve_meta_container":"","neve_meta_enable_content_width":"","neve_meta_content_width":0,"neve_meta_title_alignment":"","neve_meta_author_avatar":"","neve_post_elements_order":"","neve_meta_disable_header":"off","neve_meta_disable_footer":"","neve_meta_disable_title":"on","footnotes":""},"class_list":["post-1391","page","type-page","status-publish","hentry"],"_links":{"self":[{"href":"https:\/\/immorebs.com\/index.php?rest_route=\/wp\/v2\/pages\/1391","targetHints":{"allow":["GET"]}}],"collection":[{"href":"https:\/\/immorebs.com\/index.php?rest_route=\/wp\/v2\/pages"}],"about":[{"href":"https:\/\/immorebs.com\/index.php?rest_route=\/wp\/v2\/types\/page"}],"author":[{"embeddable":true,"href":"https:\/\/immorebs.com\/index.php?rest_route=\/wp\/v2\/users\/1"}],"replies":[{"embeddable":true,"href":"https:\/\/immorebs.com\/index.php?rest_route=%2Fwp%2Fv2%2Fcomments&post=1391"}],"version-history":[{"count":4,"href":"https:\/\/immorebs.com\/index.php?rest_route=\/wp\/v2\/pages\/1391\/revisions"}],"predecessor-version":[{"id":1398,"href":"https:\/\/immorebs.com\/index.php?rest_route=\/wp\/v2\/pages\/1391\/revisions\/1398"}],"wp:attachment":[{"href":"https:\/\/immorebs.com\/index.php?rest_route=%2Fwp%2Fv2%2Fmedia&parent=1391"}],"curies":[{"name":"wp","href":"https:\/\/api.w.org\/{rel}","templated":true}]}}